{"id":337,"date":"2023-04-11T20:09:24","date_gmt":"2023-04-11T18:09:24","guid":{"rendered":"http:\/\/laviandedalex.fr\/?page_id=337"},"modified":"2023-04-11T20:09:57","modified_gmt":"2023-04-11T18:09:57","slug":"mentions-legales","status":"publish","type":"page","link":"https:\/\/laviandedalex.fr\/index.php\/mentions-legales\/","title":{"rendered":"Mentions l\u00e9gales"},"content":{"rendered":"\t\t<div data-elementor-type=\"wp-page\" data-elementor-id=\"337\" class=\"elementor elementor-337\">\n\t\t\t\t\t\t\t\t\t<section class=\"elementor-section elementor-top-section elementor-element elementor-element-d5b9250 elementor-section-boxed elementor-section-height-default elementor-section-height-default\" data-id=\"d5b9250\" data-element_type=\"section\" data-settings=\"{&quot;background_background&quot;:&quot;classic&quot;,&quot;_ha_eqh_enable&quot;:false}\">\n\t\t\t\t\t\t<div class=\"elementor-container elementor-column-gap-default\">\n\t\t\t\t\t<div class=\"elementor-column elementor-col-33 elementor-top-column elementor-element elementor-element-9eb4620\" data-id=\"9eb4620\" data-element_type=\"column\">\n\t\t\t<div class=\"elementor-widget-wrap elementor-element-populated\">\n\t\t\t\t\t\t\t\t\t<\/div>\n\t\t<\/div>\n\t\t\t\t<div class=\"elementor-column elementor-col-33 elementor-top-column elementor-element elementor-element-a6dab79\" data-id=\"a6dab79\" data-element_type=\"column\">\n\t\t\t<div class=\"elementor-widget-wrap elementor-element-populated\">\n\t\t\t\t\t\t\t\t<div class=\"elementor-element elementor-element-501014b elementor-widget elementor-widget-image\" data-id=\"501014b\" data-element_type=\"widget\" data-widget_type=\"image.default\">\n\t\t\t\t<div class=\"elementor-widget-container\">\n\t\t\t<style>\/*! elementor - v3.12.1 - 02-04-2023 *\/\n.elementor-widget-image{text-align:center}.elementor-widget-image a{display:inline-block}.elementor-widget-image a img[src$=\".svg\"]{width:48px}.elementor-widget-image img{vertical-align:middle;display:inline-block}<\/style>\t\t\t\t\t\t\t\t\t\t\t\t<img loading=\"lazy\" decoding=\"async\" width=\"498\" height=\"299\" src=\"https:\/\/laviandedalex.fr\/wp-content\/uploads\/2023\/04\/325991861_5787032178028515_3202394367352935018_n.jpg\" class=\"attachment-full size-full wp-image-287\" alt=\"\" srcset=\"https:\/\/laviandedalex.fr\/wp-content\/uploads\/2023\/04\/325991861_5787032178028515_3202394367352935018_n.jpg 498w, https:\/\/laviandedalex.fr\/wp-content\/uploads\/2023\/04\/325991861_5787032178028515_3202394367352935018_n-300x180.jpg 300w\" sizes=\"auto, (max-width: 498px) 100vw, 498px\" \/>\t\t\t\t\t\t\t\t\t\t\t\t\t\t\t<\/div>\n\t\t\t\t<\/div>\n\t\t\t\t\t<\/div>\n\t\t<\/div>\n\t\t\t\t<div class=\"elementor-column elementor-col-33 elementor-top-column elementor-element elementor-element-816dcf5\" data-id=\"816dcf5\" data-element_type=\"column\">\n\t\t\t<div class=\"elementor-widget-wrap elementor-element-populated\">\n\t\t\t\t\t\t\t\t<section class=\"elementor-section elementor-inner-section elementor-element elementor-element-ab6e6c1 elementor-section-boxed elementor-section-height-default elementor-section-height-default\" data-id=\"ab6e6c1\" data-element_type=\"section\" data-settings=\"{&quot;_ha_eqh_enable&quot;:false}\">\n\t\t\t\t\t\t<div class=\"elementor-container elementor-column-gap-no\">\n\t\t\t\t\t<div class=\"elementor-column elementor-col-50 elementor-inner-column elementor-element elementor-element-d88939d\" data-id=\"d88939d\" data-element_type=\"column\">\n\t\t\t<div class=\"elementor-widget-wrap\">\n\t\t\t\t\t\t\t\t\t<\/div>\n\t\t<\/div>\n\t\t\t\t<div class=\"elementor-column elementor-col-50 elementor-inner-column elementor-element elementor-element-a68ac4c\" data-id=\"a68ac4c\" data-element_type=\"column\">\n\t\t\t<div class=\"elementor-widget-wrap\">\n\t\t\t\t\t\t\t\t\t<\/div>\n\t\t<\/div>\n\t\t\t\t\t\t\t<\/div>\n\t\t<\/section>\n\t\t\t\t\t<\/div>\n\t\t<\/div>\n\t\t\t\t\t\t\t<\/div>\n\t\t<\/section>\n\t\t\t\t<section class=\"elementor-section elementor-top-section elementor-element elementor-element-987c999 elementor-section-boxed elementor-section-height-default elementor-section-height-default\" data-id=\"987c999\" data-element_type=\"section\" data-settings=\"{&quot;_ha_eqh_enable&quot;:false}\">\n\t\t\t\t\t\t<div class=\"elementor-container elementor-column-gap-default\">\n\t\t\t\t\t<div class=\"elementor-column elementor-col-100 elementor-top-column elementor-element elementor-element-1626eba\" data-id=\"1626eba\" data-element_type=\"column\">\n\t\t\t<div class=\"elementor-widget-wrap elementor-element-populated\">\n\t\t\t\t\t\t\t\t<div class=\"elementor-element elementor-element-014f7f7 elementor-widget elementor-widget-text-editor\" data-id=\"014f7f7\" data-element_type=\"widget\" data-widget_type=\"text-editor.default\">\n\t\t\t\t<div class=\"elementor-widget-container\">\n\t\t\t<style>\/*! elementor - v3.12.1 - 02-04-2023 *\/\n.elementor-widget-text-editor.elementor-drop-cap-view-stacked .elementor-drop-cap{background-color:#69727d;color:#fff}.elementor-widget-text-editor.elementor-drop-cap-view-framed .elementor-drop-cap{color:#69727d;border:3px solid;background-color:transparent}.elementor-widget-text-editor:not(.elementor-drop-cap-view-default) .elementor-drop-cap{margin-top:8px}.elementor-widget-text-editor:not(.elementor-drop-cap-view-default) .elementor-drop-cap-letter{width:1em;height:1em}.elementor-widget-text-editor .elementor-drop-cap{float:left;text-align:center;line-height:1;font-size:50px}.elementor-widget-text-editor .elementor-drop-cap-letter{display:inline-block}<\/style>\t\t\t\t<header>\n<h1>Mentions l\u00e9gales<\/h1>\n<\/header>\n<div>\n<div data-elementor-type=\"wp-page\" data-elementor-id=\"844\">\n<section data-id=\"6d03225\" data-element_type=\"section\">\n<div>\n<div data-id=\"2cdb188\" data-element_type=\"column\">\n<div>\n<div data-id=\"71f35bc\" data-element_type=\"widget\" data-widget_type=\"text-editor.default\">\n<div>\n<p>Mentions l\u00e9gales<\/p>\n<p>Merci de lire avec attention les diff\u00e9rentes modalit\u00e9s d\u2019utilisation du pr\u00e9sent site avant d\u2019y parcourir ses pages. En vous connectant sur ce site, vous acceptez sans r\u00e9serves les pr\u00e9sentes modalit\u00e9s. Aussi, conform\u00e9ment \u00e0 l\u2019article n\u00b06 de la Loi n\u00b02004-575 du 21 Juin 2004 pour la confiance dans l\u2019\u00e9conomie num\u00e9rique, les responsables du pr\u00e9sent site internet&nbsp;www.laviandedalex.fr sont :<\/p>\n<p>Editeur du Site :<\/p>\n<p>La Viande d&#8217;Alex<\/p>\n<p>Responsable editorial : Nathalie Sauques<\/p>\n<p style=\"font-size: 12pt; caret-color: rgb(34, 34, 34); color: rgb(34, 34, 34); margin: 0cm 0cm 10pt; font-family: &quot;Times New Roman&quot;, serif;\"><span style=\"color: rgb(38, 40, 42); font-family: New, serif; font-size: 14pt;\">La Violi\u00e8re<\/span><span style=\"font-family: New, serif;\"><\/span><\/p>\n<p style=\"font-size: 12pt; caret-color: rgb(34, 34, 34); color: rgb(34, 34, 34); margin: 0cm 0cm 10pt; font-family: &quot;Times New Roman&quot;, serif;\"><span style=\"color: rgb(38, 40, 42); font-family: New, serif; font-size: 14pt;\">61360 COULIMER<\/span><\/p>\n<p>Email : laviandedalex@gmail.com<\/p>\n<p>Site Web :&nbsp;www.laviandedalex.fr<\/p>\n<p>H\u00e9bergeur : OVH<\/p>\n<p>D\u00e9veloppement&nbsp;:&nbsp;<span style=\"color: var( --e-global-color-text ); font-family: var( --e-global-typography-text-font-family ), Sans-serif; font-size: 1rem;\">La Viande d&#8217;Alex<\/span><\/p>\n<p style=\"margin: 0cm 0cm 10pt; font-size: 12pt; caret-color: rgb(34, 34, 34); color: rgb(34, 34, 34); font-family: &quot;Times New Roman&quot;, serif;\"><span style=\"color: rgb(38, 40, 42); font-family: New, serif; font-size: 14pt;\">La Violi\u00e8re<\/span><span style=\"font-family: New, serif;\"><\/span><\/p><p style=\"margin: 0cm 0cm 10pt; font-size: 12pt; caret-color: rgb(34, 34, 34); color: rgb(34, 34, 34); font-family: &quot;Times New Roman&quot;, serif;\"><span style=\"color: rgb(38, 40, 42); font-family: New, serif; font-size: 14pt;\">61360 COULIMER<\/span><\/p>\n<p>Site Web :&nbsp;https:\/\/www.laviandedalex.fr\/<\/p>\n<\/div>\n<\/div>\n<\/div>\n<\/div>\n<\/div>\n<\/section>\n<\/div>\n<\/div>\t\t\t\t\t\t<\/div>\n\t\t\t\t<\/div>\n\t\t\t\t\t<\/div>\n\t\t<\/div>\n\t\t\t\t\t\t\t<\/div>\n\t\t<\/section>\n\t\t\t\t\t\t\t<\/div>\n\t\t","protected":false},"excerpt":{"rendered":"<p>Mentions l\u00e9gales Mentions l\u00e9gales Merci de lire avec attention les diff\u00e9rentes modalit\u00e9s d\u2019utilisation du pr\u00e9sent site avant d\u2019y parcourir ses pages. En vous connectant sur ce site, vous acceptez sans r\u00e9serves les pr\u00e9sentes modalit\u00e9s. Aussi, conform\u00e9ment \u00e0 l\u2019article n\u00b06 de la Loi n\u00b02004-575 du 21 Juin 2004 pour la confiance dans l\u2019\u00e9conomie num\u00e9rique, les responsables [&hellip;]<\/p>\n","protected":false},"author":1,"featured_media":0,"parent":0,"menu_order":0,"comment_status":"closed","ping_status":"closed","template":"elementor_canvas","meta":{"footnotes":""},"class_list":["post-337","page","type-page","status-publish","hentry"],"yoast_head":"<!-- This site is optimized with the Yoast SEO plugin v20.4 - https:\/\/yoast.com\/wordpress\/plugins\/seo\/ -->\n<title>Mentions l\u00e9gales - La Viande d&#039;Alex<\/title>\n<meta name=\"robots\" content=\"index, follow, max-snippet:-1, max-image-preview:large, max-video-preview:-1\" \/>\n<link rel=\"canonical\" href=\"https:\/\/laviandedalex.fr\/index.php\/mentions-legales\/\" \/>\n<meta property=\"og:locale\" content=\"fr_FR\" \/>\n<meta property=\"og:type\" content=\"article\" \/>\n<meta property=\"og:title\" content=\"Mentions l\u00e9gales - La Viande d&#039;Alex\" \/>\n<meta property=\"og:description\" content=\"Mentions l\u00e9gales Mentions l\u00e9gales Merci de lire avec attention les diff\u00e9rentes modalit\u00e9s d\u2019utilisation du pr\u00e9sent site avant d\u2019y parcourir ses pages. En vous connectant sur ce site, vous acceptez sans r\u00e9serves les pr\u00e9sentes modalit\u00e9s. Aussi, conform\u00e9ment \u00e0 l\u2019article n\u00b06 de la Loi n\u00b02004-575 du 21 Juin 2004 pour la confiance dans l\u2019\u00e9conomie num\u00e9rique, les responsables [&hellip;]\" \/>\n<meta property=\"og:url\" content=\"https:\/\/laviandedalex.fr\/index.php\/mentions-legales\/\" \/>\n<meta property=\"og:site_name\" content=\"La Viande d&#039;Alex\" \/>\n<meta property=\"article:modified_time\" content=\"2023-04-11T18:09:57+00:00\" \/>\n<meta property=\"og:image\" content=\"http:\/\/laviandedalex.fr\/wp-content\/uploads\/2023\/04\/325991861_5787032178028515_3202394367352935018_n.jpg\" \/>\n<meta name=\"twitter:card\" content=\"summary_large_image\" \/>\n<meta name=\"twitter:label1\" content=\"Dur\u00e9e de lecture estim\u00e9e\" \/>\n\t<meta name=\"twitter:data1\" content=\"1 minute\" \/>\n<script type=\"application\/ld+json\" class=\"yoast-schema-graph\">{\"@context\":\"https:\/\/schema.org\",\"@graph\":[{\"@type\":\"WebPage\",\"@id\":\"https:\/\/laviandedalex.fr\/index.php\/mentions-legales\/\",\"url\":\"https:\/\/laviandedalex.fr\/index.php\/mentions-legales\/\",\"name\":\"Mentions l\u00e9gales - La Viande d&#039;Alex\",\"isPartOf\":{\"@id\":\"https:\/\/laviandedalex.fr\/#website\"},\"datePublished\":\"2023-04-11T18:09:24+00:00\",\"dateModified\":\"2023-04-11T18:09:57+00:00\",\"breadcrumb\":{\"@id\":\"https:\/\/laviandedalex.fr\/index.php\/mentions-legales\/#breadcrumb\"},\"inLanguage\":\"fr-FR\",\"potentialAction\":[{\"@type\":\"ReadAction\",\"target\":[\"https:\/\/laviandedalex.fr\/index.php\/mentions-legales\/\"]}]},{\"@type\":\"BreadcrumbList\",\"@id\":\"https:\/\/laviandedalex.fr\/index.php\/mentions-legales\/#breadcrumb\",\"itemListElement\":[{\"@type\":\"ListItem\",\"position\":1,\"name\":\"Accueil\",\"item\":\"https:\/\/laviandedalex.fr\/\"},{\"@type\":\"ListItem\",\"position\":2,\"name\":\"Mentions l\u00e9gales\"}]},{\"@type\":\"WebSite\",\"@id\":\"https:\/\/laviandedalex.fr\/#website\",\"url\":\"https:\/\/laviandedalex.fr\/\",\"name\":\"La Viande d&#039;Alex\",\"description\":\"de la viande de boeuf savoureuse, locale, et qui respecte l&#039;animal.\",\"potentialAction\":[{\"@type\":\"SearchAction\",\"target\":{\"@type\":\"EntryPoint\",\"urlTemplate\":\"https:\/\/laviandedalex.fr\/?s={search_term_string}\"},\"query-input\":\"required name=search_term_string\"}],\"inLanguage\":\"fr-FR\"}]}<\/script>\n<!-- \/ Yoast SEO plugin. -->","yoast_head_json":{"title":"Mentions l\u00e9gales - La Viande d&#039;Alex","robots":{"index":"index","follow":"follow","max-snippet":"max-snippet:-1","max-image-preview":"max-image-preview:large","max-video-preview":"max-video-preview:-1"},"canonical":"https:\/\/laviandedalex.fr\/index.php\/mentions-legales\/","og_locale":"fr_FR","og_type":"article","og_title":"Mentions l\u00e9gales - La Viande d&#039;Alex","og_description":"Mentions l\u00e9gales Mentions l\u00e9gales Merci de lire avec attention les diff\u00e9rentes modalit\u00e9s d\u2019utilisation du pr\u00e9sent site avant d\u2019y parcourir ses pages. En vous connectant sur ce site, vous acceptez sans r\u00e9serves les pr\u00e9sentes modalit\u00e9s. Aussi, conform\u00e9ment \u00e0 l\u2019article n\u00b06 de la Loi n\u00b02004-575 du 21 Juin 2004 pour la confiance dans l\u2019\u00e9conomie num\u00e9rique, les responsables [&hellip;]","og_url":"https:\/\/laviandedalex.fr\/index.php\/mentions-legales\/","og_site_name":"La Viande d&#039;Alex","article_modified_time":"2023-04-11T18:09:57+00:00","og_image":[{"url":"http:\/\/laviandedalex.fr\/wp-content\/uploads\/2023\/04\/325991861_5787032178028515_3202394367352935018_n.jpg"}],"twitter_card":"summary_large_image","twitter_misc":{"Dur\u00e9e de lecture estim\u00e9e":"1 minute"},"schema":{"@context":"https:\/\/schema.org","@graph":[{"@type":"WebPage","@id":"https:\/\/laviandedalex.fr\/index.php\/mentions-legales\/","url":"https:\/\/laviandedalex.fr\/index.php\/mentions-legales\/","name":"Mentions l\u00e9gales - La Viande d&#039;Alex","isPartOf":{"@id":"https:\/\/laviandedalex.fr\/#website"},"datePublished":"2023-04-11T18:09:24+00:00","dateModified":"2023-04-11T18:09:57+00:00","breadcrumb":{"@id":"https:\/\/laviandedalex.fr\/index.php\/mentions-legales\/#breadcrumb"},"inLanguage":"fr-FR","potentialAction":[{"@type":"ReadAction","target":["https:\/\/laviandedalex.fr\/index.php\/mentions-legales\/"]}]},{"@type":"BreadcrumbList","@id":"https:\/\/laviandedalex.fr\/index.php\/mentions-legales\/#breadcrumb","itemListElement":[{"@type":"ListItem","position":1,"name":"Accueil","item":"https:\/\/laviandedalex.fr\/"},{"@type":"ListItem","position":2,"name":"Mentions l\u00e9gales"}]},{"@type":"WebSite","@id":"https:\/\/laviandedalex.fr\/#website","url":"https:\/\/laviandedalex.fr\/","name":"La Viande d&#039;Alex","description":"de la viande de boeuf savoureuse, locale, et qui respecte l&#039;animal.","potentialAction":[{"@type":"SearchAction","target":{"@type":"EntryPoint","urlTemplate":"https:\/\/laviandedalex.fr\/?s={search_term_string}"},"query-input":"required name=search_term_string"}],"inLanguage":"fr-FR"}]}},"_links":{"self":[{"href":"https:\/\/laviandedalex.fr\/index.php\/wp-json\/wp\/v2\/pages\/337","targetHints":{"allow":["GET"]}}],"collection":[{"href":"https:\/\/laviandedalex.fr\/index.php\/wp-json\/wp\/v2\/pages"}],"about":[{"href":"https:\/\/laviandedalex.fr\/index.php\/wp-json\/wp\/v2\/types\/page"}],"author":[{"embeddable":true,"href":"https:\/\/laviandedalex.fr\/index.php\/wp-json\/wp\/v2\/users\/1"}],"replies":[{"embeddable":true,"href":"https:\/\/laviandedalex.fr\/index.php\/wp-json\/wp\/v2\/comments?post=337"}],"version-history":[{"count":4,"href":"https:\/\/laviandedalex.fr\/index.php\/wp-json\/wp\/v2\/pages\/337\/revisions"}],"predecessor-version":[{"id":341,"href":"https:\/\/laviandedalex.fr\/index.php\/wp-json\/wp\/v2\/pages\/337\/revisions\/341"}],"wp:attachment":[{"href":"https:\/\/laviandedalex.fr\/index.php\/wp-json\/wp\/v2\/media?parent=337"}],"curies":[{"name":"wp","href":"https:\/\/api.w.org\/{rel}","templated":true}]}}